{"id":389,"date":"2025-10-01T09:38:26","date_gmt":"2025-10-01T09:38:26","guid":{"rendered":"https:\/\/www.horizonfirm.com\/?page_id=389"},"modified":"2025-10-01T09:44:21","modified_gmt":"2025-10-01T09:44:21","slug":"accessibilita","status":"publish","type":"page","link":"https:\/\/www.horizonfirm.com\/en\/accessibilita\/","title":{"rendered":"Accessibility Statement"},"content":{"rendered":"<p><span style=\"font-weight: 500;\">Horizonfirm<\/span><span style=\"font-weight: 500;\"> si impegna a rendere www.horizonfirm.com<\/span><span style=\"font-weight: 500;\"> accessibile, conformemente al D.lgs 10 agosto 2018, n. 106 che ha recepito la direttiva UE 2016\/2102 del Parlamento europeo e del Consiglio. La presente dichiarazione di accessibilit\u00e0 si applica a horizonfirm.com.<\/span><\/p>\n<p><span style=\"font-weight: 500;\">Compliance status: Partially compliant.<\/span><\/p>\n<p><span style=\"font-weight: 500;\">This website is partially compliant with the requirements of Appendix A of the UNI CEI EN 301549 standard due to the instances of non-compliance listed below.<\/span><\/p>\n<p><b>Inaccessible content<\/b><b><br \/>\n<\/b><span style=\"font-weight: 500;\">The content listed below is not accessible for the following reasons:<\/span><\/p>\n<ul>\n<li aria-level=\"1\" data-cya11y-org-font-size=\"17\"><span data-cya11y-org-font-size=\"17\">Requirement: 9.1.1.1 \u2013 Some non-text content presented to the user does not have a text alternative that serves the same purpose;<\/span><\/li>\n<li aria-level=\"1\" data-cya11y-org-font-size=\"17\"><span data-cya11y-org-font-size=\"17\">Requirement: 9.1.4.3 \u2013 The visual presentation of text and images of text does not always meet the minimum contrast ratio required, except for cases permitted by the regulations (e.g., logos);<\/span><\/li>\n<li aria-level=\"1\" data-cya11y-org-font-size=\"17\"><span data-cya11y-org-font-size=\"17\">Requirement: 9.1.4.4 \u2013 Some text, excluding captions and images of text, cannot be resized up to 200 percent without using assistive technologies and without losing content or functionality;<\/span><\/li>\n<li aria-level=\"1\" data-cya11y-org-font-size=\"17\"><span data-cya11y-org-font-size=\"17\">Requirement: 9.1.4.5 \u2013 In some cases, images of text have been used instead of actual text and are neither customizable nor essential to the type of information conveyed;<\/span><\/li>\n<li aria-level=\"1\" data-cya11y-org-font-size=\"17\"><span data-cya11y-org-font-size=\"17\">Requirement: 9.1.4.11 \u2013 For some essential components, even in different states, the color contrast with adjacent elements does not exceed a ratio of 3:1;<\/span><\/li>\n<li aria-level=\"1\" data-cya11y-org-font-size=\"17\"><span data-cya11y-org-font-size=\"17\">Requirement: 9.1.4.13 \u2013 In some cases, when mouse hover or keyboard focus makes content appear and disappear, there is no mechanism to dismiss the additional content without moving the mouse pointer or keyboard focus, the pointer cannot be moved over additional content without it disappearing, or the additional content does not remain visible until the hover or focus event is removed, the user dismisses it, or its information is no longer valid, except for certain permitted exceptions;<\/span><\/li>\n<li aria-level=\"1\" data-cya11y-org-font-size=\"17\"><span data-cya11y-org-font-size=\"17\">Requirement: 9.2.1.1 \u2013 Some functionalities cannot be operated using a keyboard (or equivalent input interface);<\/span><\/li>\n<li aria-level=\"1\" data-cya11y-org-font-size=\"17\"><span data-cya11y-org-font-size=\"17\">Requirement: 9.2.4.3 \u2013 On some web pages that can be navigated sequentially and where the navigation sequence affects their meaning and functionality, some objects that could receive focus do not do so in an order that preserves their meaning and operability;<\/span><\/li>\n<li aria-level=\"1\" data-cya11y-org-font-size=\"17\"><span data-cya11y-org-font-size=\"17\">Requirement: 9.2.4.4 \u2013 The purpose of some links cannot be determined from the link text alone or from the link text together with adjacent content;<\/span><\/li>\n<li aria-level=\"1\" data-cya11y-org-font-size=\"17\"><span data-cya11y-org-font-size=\"17\">Requirement: 9.2.4.6 \u2013 Headings and\/or labels do not sufficiently clarify content or functionality;<\/span><\/li>\n<li aria-level=\"1\" data-cya11y-org-font-size=\"17\"><span data-cya11y-org-font-size=\"17\">Requirement: 9.2.4.7 \u2013 On some interactive elements, the focus indicator is not visible;<\/span><\/li>\n<li aria-level=\"1\" data-cya11y-org-font-size=\"17\"><span data-cya11y-org-font-size=\"17\">Requirement: 9.3.2.2 \u2013 When the user changes the setting of any interface component (input), a change of context occurs;<\/span><\/li>\n<\/ul>\n<p><b>Integrated accessibility tools<\/b><\/p>\n<p><span style=\"font-weight: 500;\">To facilitate navigation and improve the user experience of the website, an accessibility widget has been integrated, allowing users to customize the interface according to their needs. The widget, which can be activated by clicking the dedicated icon present on every page of the site, offers a range of features, including:<\/span><\/p>\n<ul>\n<li style=\"font-weight: 500;\" aria-level=\"1\" class=\"translation-block\"><b>Text enlargement:<\/b><span style=\"font-weight: 500;font-size: 16px\" data-cya11y-org-font-size=\"16\"> Increases the font size up to four different levels.<\/span><\/li>\n<li style=\"font-weight: 500;\" aria-level=\"1\"><b>Regolazione del contrasto e dei colori<\/b><span style=\"font-weight: 500;\">: Possibilit\u00e0 di attivare modalit\u00e0 ad alto contrasto, in scala di grigi o inversione dei colori.<\/span><\/li>\n<li style=\"font-weight: 500;\" aria-level=\"1\" class=\"translation-block\"><b>Animation suspension<\/b><span style=\"font-weight: 500;font-size: 16px\" data-cya11y-org-font-size=\"16\">: Stops moving elements to prevent distractions or interference, also useful for photosensitive users.<\/span><\/li>\n<li style=\"font-weight: 500;\" aria-level=\"1\" class=\"translation-block\"><b>High readability fonts:<\/b><span style=\"font-weight: 500;font-size: 16px\" data-cya11y-org-font-size=\"16\"> Use of fonts optimized for dyslexia.<\/span><\/li>\n<li style=\"font-weight: 500;\" aria-level=\"1\" class=\"translation-block\"><b>Spacing and line height<\/b><span style=\"font-weight: 500;font-size: 16px\" data-cya11y-org-font-size=\"16\">: Customizable adjustments to improve text readability.<\/span><\/li>\n<li style=\"font-weight: 500;\" aria-level=\"1\" class=\"translation-block\"><b>Enlarged cursor<\/b><span style=\"font-weight: 500;font-size: 16px\" data-cya11y-org-font-size=\"16\">: Increases the size of the mouse pointer to make it easier to locate.<\/span><\/li>\n<li style=\"font-weight: 500;\" aria-level=\"1\" class=\"translation-block\"><b>Page structure visualization:<\/b><span style=\"font-weight: 500;font-size: 16px\" data-cya11y-org-font-size=\"16\"> Highlights headings, landmarks, and links for clearer and simplified navigation.<\/span><\/li>\n<\/ul>\n<p><b>Preparation of the accessibility statement<\/b><b><br \/>\n<\/b><span style=\"font-weight: 500;\">La presente dichiarazione \u00e8 stata redatta il <\/span><span style=\"font-weight: 500;\">27\/06\/2025.<\/span><span style=\"font-weight: 500;\"><br \/>\n<\/span><span style=\"font-weight: 500;\">La valutazione \u00e8 stata effettuata da terzi tramite analisi oggettive e soggettive (cfr. l\u2019articolo 3, paragrafo 1, della decisione di esecuzione UE 2018\/1523 della Commissione).<\/span><span style=\"font-weight: 500;\"><br \/>\n<\/span><\/p>\n<p><b>Feedback and contact information<\/b><b><br \/>\n<\/b><span style=\"font-weight: 500;\">\u00c8 possibile segnalare eventuali casi di difficolt\u00e0 ad accedere ai contenuti del sito.<\/span><span style=\"font-weight: 500;\"><br \/>\n<\/span><span style=\"font-weight: 500;\">La segnalazione pu\u00f2 essere fatta tramite posta elettronica all\u2019indirizzo email: <a title=\"Email\" href=\"mailto:info@horizonfirm.com\" data-cya11y-org-font-size=\"20\">info@horizonfirm.com<\/a><\/span><span style=\"font-weight: 500;\"><br \/>\n<\/span><span style=\"font-weight: 500;\">Nell\u2019e-mail \u00e8 necessario indicare:<\/span><span style=\"font-weight: 500;\"><br \/>\n<\/span><span style=\"font-weight: 500;\">\u2013 nome e cognome;<\/span><span style=\"font-weight: 500;\"><br \/>\n<\/span><span style=\"font-weight: 500;\">\u2013 indirizzo della pagina web o sezioni del sito o app oggetto della segnalazione;<\/span><span style=\"font-weight: 500;\"><br \/>\n<\/span><span style=\"font-weight: 500;\">\u2013 descrizione chiara e sintetica del problema riscontrato;<\/span><span style=\"font-weight: 500;\"><br \/>\n<\/span><span style=\"font-weight: 500;\">\u2013 strumenti utilizzati (sistema operativo, browser, tecnologie assistive).<\/span><\/p>\n<p><span style=\"font-weight: 500;\">Nell\u2019oggetto della email chiediamo di scrivere \u2018Accessibilit\u00e0\u2019, inoltre raccomandiamo di descrivere il problema, senza inserire dati sensibili relativi alla propria disabilit\u00e0.<\/span><\/p>\n<p><b>Modalit\u00e0 di invio delle segnalazioni all\u2019AgID<\/b><b><br \/>\n<\/b><span style=\"font-weight: 500;\">In caso di risposta insoddisfacente o di mancata risposta, nel termine di trenta giorni, alla notifica o alla richiesta, l\u2019interessato pu\u00f2 inoltrare una segnalazione ad AgID, tramite pec, al seguente indirizzo: protocollo@pec.agid.gov.it.<\/span><\/p>\n<p><b>Informazioni sul sito<\/b><\/p>\n<ul>\n<li style=\"font-weight: 500;\" aria-level=\"1\"><span style=\"font-weight: 500;\">La data di pubblicazione del sito Web: <\/span><span style=\"font-weight: 500;\">06\/2025<\/span><\/li>\n<li style=\"font-weight: 500;\" aria-level=\"1\"><span style=\"font-weight: 500;\">Sono stati effettuati i test di usabilit\u00e0: S\u00ec<\/span><\/li>\n<li style=\"font-weight: 500;\" aria-level=\"1\"><span style=\"font-weight: 500;\">CMS utilizzato per il sito Web: WordPress<\/span><\/li>\n<\/ul>\n<p>&nbsp;<\/p>","protected":false},"excerpt":{"rendered":"<p>Horizonfirm si impegna a rendere www.horizonfirm.com accessibile, conformemente al D.lgs 10 agosto 2018, n. 106 che ha recepito la direttiva UE 2016\/2102 del Parlamento europeo e del Consiglio. La presente dichiarazione di accessibilit\u00e0 si applica a horizonfirm.com. Stato di conformit\u00e0: Parzialmente conforme. Questo sito web \u00e8 parzialmente conforme ai requisiti previsti dall\u2019appendice A della norma [&hellip;]<\/p>","protected":false},"author":1,"featured_media":0,"parent":0,"menu_order":0,"comment_status":"closed","ping_status":"closed","template":"template-privacy.php","meta":{"footnotes":""},"class_list":["post-389","page","type-page","status-publish","hentry"],"acf":[],"yoast_head":"<!-- This site is optimized with the Yoast SEO plugin v26.7 - https:\/\/yoast.com\/wordpress\/plugins\/seo\/ -->\n<title>Dichiarazione di accessibilit\u00e0 - Horizon<\/title>\n<meta name=\"robots\" content=\"index, follow, max-snippet:-1, max-image-preview:large, max-video-preview:-1\" \/>\n<link rel=\"canonical\" href=\"https:\/\/www.horizonfirm.com\/en\/accessibilita\/\" \/>\n<meta property=\"og:locale\" content=\"en_GB\" \/>\n<meta property=\"og:type\" content=\"article\" \/>\n<meta property=\"og:title\" content=\"Dichiarazione di accessibilit\u00e0 - Horizon\" \/>\n<meta property=\"og:description\" content=\"Horizonfirm si impegna a rendere www.horizonfirm.com accessibile, conformemente al D.lgs 10 agosto 2018, n. 106 che ha recepito la direttiva UE 2016\/2102 del Parlamento europeo e del Consiglio. La presente dichiarazione di accessibilit\u00e0 si applica a horizonfirm.com. Stato di conformit\u00e0: Parzialmente conforme. Questo sito web \u00e8 parzialmente conforme ai requisiti previsti dall\u2019appendice A della norma [&hellip;]\" \/>\n<meta property=\"og:url\" content=\"https:\/\/www.horizonfirm.com\/en\/accessibilita\/\" \/>\n<meta property=\"og:site_name\" content=\"Horizon\" \/>\n<meta property=\"article:modified_time\" content=\"2025-10-01T09:44:21+00:00\" \/>\n<meta name=\"twitter:card\" content=\"summary_large_image\" \/>\n<meta name=\"twitter:label1\" content=\"Estimated reading time\" \/>\n\t<meta name=\"twitter:data1\" content=\"5 minutes\" \/>\n<script type=\"application\/ld+json\" class=\"yoast-schema-graph\">{\"@context\":\"https:\/\/schema.org\",\"@graph\":[{\"@type\":\"WebPage\",\"@id\":\"https:\/\/www.horizonfirm.com\/accessibilita\/\",\"url\":\"https:\/\/www.horizonfirm.com\/accessibilita\/\",\"name\":\"Dichiarazione di accessibilit\u00e0 - Horizon\",\"isPartOf\":{\"@id\":\"https:\/\/www.horizonfirm.com\/#website\"},\"datePublished\":\"2025-10-01T09:38:26+00:00\",\"dateModified\":\"2025-10-01T09:44:21+00:00\",\"breadcrumb\":{\"@id\":\"https:\/\/www.horizonfirm.com\/accessibilita\/#breadcrumb\"},\"inLanguage\":\"en-GB\",\"potentialAction\":[{\"@type\":\"ReadAction\",\"target\":[\"https:\/\/www.horizonfirm.com\/accessibilita\/\"]}]},{\"@type\":\"BreadcrumbList\",\"@id\":\"https:\/\/www.horizonfirm.com\/accessibilita\/#breadcrumb\",\"itemListElement\":[{\"@type\":\"ListItem\",\"position\":1,\"name\":\"Home\",\"item\":\"https:\/\/www.horizonfirm.com\/\/\"},{\"@type\":\"ListItem\",\"position\":2,\"name\":\"Dichiarazione di accessibilit\u00e0\"}]},{\"@type\":\"WebSite\",\"@id\":\"https:\/\/www.horizonfirm.com\/#website\",\"url\":\"https:\/\/www.horizonfirm.com\/\",\"name\":\"Horizon\",\"description\":\"Power beyond limits\",\"publisher\":{\"@id\":\"https:\/\/www.horizonfirm.com\/#organization\"},\"potentialAction\":[{\"@type\":\"SearchAction\",\"target\":{\"@type\":\"EntryPoint\",\"urlTemplate\":\"https:\/\/www.horizonfirm.com\/?s={search_term_string}\"},\"query-input\":{\"@type\":\"PropertyValueSpecification\",\"valueRequired\":true,\"valueName\":\"search_term_string\"}}],\"inLanguage\":\"en-GB\"},{\"@type\":\"Organization\",\"@id\":\"https:\/\/www.horizonfirm.com\/#organization\",\"name\":\"Horizon\",\"url\":\"https:\/\/www.horizonfirm.com\/\",\"logo\":{\"@type\":\"ImageObject\",\"inLanguage\":\"en-GB\",\"@id\":\"https:\/\/www.horizonfirm.com\/#\/schema\/logo\/image\/\",\"url\":\"https:\/\/www.horizonfirm.com\/wp-content\/uploads\/2025\/04\/logo-w.webp\",\"contentUrl\":\"https:\/\/www.horizonfirm.com\/wp-content\/uploads\/2025\/04\/logo-w.webp\",\"width\":440,\"height\":64,\"caption\":\"Horizon\"},\"image\":{\"@id\":\"https:\/\/www.horizonfirm.com\/#\/schema\/logo\/image\/\"}}]}<\/script>\n<!-- \/ Yoast SEO plugin. -->","yoast_head_json":{"title":"Dichiarazione di accessibilit\u00e0 - Horizon","robots":{"index":"index","follow":"follow","max-snippet":"max-snippet:-1","max-image-preview":"max-image-preview:large","max-video-preview":"max-video-preview:-1"},"canonical":"https:\/\/www.horizonfirm.com\/en\/accessibilita\/","og_locale":"en_GB","og_type":"article","og_title":"Dichiarazione di accessibilit\u00e0 - Horizon","og_description":"Horizonfirm si impegna a rendere www.horizonfirm.com accessibile, conformemente al D.lgs 10 agosto 2018, n. 106 che ha recepito la direttiva UE 2016\/2102 del Parlamento europeo e del Consiglio. La presente dichiarazione di accessibilit\u00e0 si applica a horizonfirm.com. Stato di conformit\u00e0: Parzialmente conforme. Questo sito web \u00e8 parzialmente conforme ai requisiti previsti dall\u2019appendice A della norma [&hellip;]","og_url":"https:\/\/www.horizonfirm.com\/en\/accessibilita\/","og_site_name":"Horizon","article_modified_time":"2025-10-01T09:44:21+00:00","twitter_card":"summary_large_image","twitter_misc":{"Estimated reading time":"5 minutes"},"schema":{"@context":"https:\/\/schema.org","@graph":[{"@type":"WebPage","@id":"https:\/\/www.horizonfirm.com\/accessibilita\/","url":"https:\/\/www.horizonfirm.com\/accessibilita\/","name":"Dichiarazione di accessibilit\u00e0 - Horizon","isPartOf":{"@id":"https:\/\/www.horizonfirm.com\/#website"},"datePublished":"2025-10-01T09:38:26+00:00","dateModified":"2025-10-01T09:44:21+00:00","breadcrumb":{"@id":"https:\/\/www.horizonfirm.com\/accessibilita\/#breadcrumb"},"inLanguage":"en-GB","potentialAction":[{"@type":"ReadAction","target":["https:\/\/www.horizonfirm.com\/accessibilita\/"]}]},{"@type":"BreadcrumbList","@id":"https:\/\/www.horizonfirm.com\/accessibilita\/#breadcrumb","itemListElement":[{"@type":"ListItem","position":1,"name":"Home","item":"https:\/\/www.horizonfirm.com\/\/"},{"@type":"ListItem","position":2,"name":"Dichiarazione di accessibilit\u00e0"}]},{"@type":"WebSite","@id":"https:\/\/www.horizonfirm.com\/#website","url":"https:\/\/www.horizonfirm.com\/","name":"Horizon","description":"Power beyond limits","publisher":{"@id":"https:\/\/www.horizonfirm.com\/#organization"},"potentialAction":[{"@type":"SearchAction","target":{"@type":"EntryPoint","urlTemplate":"https:\/\/www.horizonfirm.com\/?s={search_term_string}"},"query-input":{"@type":"PropertyValueSpecification","valueRequired":true,"valueName":"search_term_string"}}],"inLanguage":"en-GB"},{"@type":"Organization","@id":"https:\/\/www.horizonfirm.com\/#organization","name":"Horizon","url":"https:\/\/www.horizonfirm.com\/","logo":{"@type":"ImageObject","inLanguage":"en-GB","@id":"https:\/\/www.horizonfirm.com\/#\/schema\/logo\/image\/","url":"https:\/\/www.horizonfirm.com\/wp-content\/uploads\/2025\/04\/logo-w.webp","contentUrl":"https:\/\/www.horizonfirm.com\/wp-content\/uploads\/2025\/04\/logo-w.webp","width":440,"height":64,"caption":"Horizon"},"image":{"@id":"https:\/\/www.horizonfirm.com\/#\/schema\/logo\/image\/"}}]}},"_links":{"self":[{"href":"https:\/\/www.horizonfirm.com\/en\/wp-json\/wp\/v2\/pages\/389","targetHints":{"allow":["GET"]}}],"collection":[{"href":"https:\/\/www.horizonfirm.com\/en\/wp-json\/wp\/v2\/pages"}],"about":[{"href":"https:\/\/www.horizonfirm.com\/en\/wp-json\/wp\/v2\/types\/page"}],"author":[{"embeddable":true,"href":"https:\/\/www.horizonfirm.com\/en\/wp-json\/wp\/v2\/users\/1"}],"replies":[{"embeddable":true,"href":"https:\/\/www.horizonfirm.com\/en\/wp-json\/wp\/v2\/comments?post=389"}],"version-history":[{"count":4,"href":"https:\/\/www.horizonfirm.com\/en\/wp-json\/wp\/v2\/pages\/389\/revisions"}],"predecessor-version":[{"id":393,"href":"https:\/\/www.horizonfirm.com\/en\/wp-json\/wp\/v2\/pages\/389\/revisions\/393"}],"wp:attachment":[{"href":"https:\/\/www.horizonfirm.com\/en\/wp-json\/wp\/v2\/media?parent=389"}],"curies":[{"name":"wp","href":"https:\/\/api.w.org\/{rel}","templated":true}]}}